{"id":15797,"date":"2017-02-18T11:24:53","date_gmt":"2017-02-18T10:24:53","guid":{"rendered":"https:\/\/stadtwolmirstedt.de\/?page_id=15797"},"modified":"2026-03-05T22:38:37","modified_gmt":"2026-03-05T21:38:37","slug":"address-directions-and-parking","status":"publish","type":"page","link":"https:\/\/stadtwolmirstedt.de\/en\/address-directions-and-parking\/","title":{"rendered":"Address, directions and parking"},"content":{"rendered":"\t\t<div data-elementor-type=\"wp-page\" data-elementor-id=\"15797\" class=\"elementor elementor-15797 elementor-1359\" data-elementor-post-type=\"page\">\n\t\t\t\t\t\t<section class=\"elementor-section elementor-top-section elementor-element elementor-element-13bd973 elementor-section-full_width elementor-section-height-default elementor-section-height-default\" data-id=\"13bd973\" data-element_type=\"section\" data-e-type=\"section\">\n\t\t\t\t\t\t<div class=\"elementor-container elementor-column-gap-default\">\n\t\t\t\t\t<div class=\"elementor-column elementor-col-50 elementor-top-column elementor-element elementor-element-b0558a8\" data-id=\"b0558a8\" data-element_type=\"column\" data-e-type=\"column\">\n\t\t\t<div class=\"elementor-widget-wrap elementor-element-populated\">\n\t\t\t\t\t\t<div class=\"elementor-element elementor-element-bcf4547 elementor-widget elementor-widget-text-editor\" data-id=\"bcf4547\" data-element_type=\"widget\" data-e-type=\"widget\" data-widget_type=\"text-editor.default\">\n\t\t\t\t<div class=\"elementor-widget-container\">\n\t\t\t\t\t\t\t\t\t<p><strong><img fetchpriority=\"high\" decoding=\"async\" class=\"aligncenter wp-image-8323 size-full\" src=\"https:\/\/stadtwolmirstedt.de\/wp-content\/uploads\/2017\/02\/cropped-Rathaus-WMS-1-e1638735159536.jpg\" alt=\"\" width=\"828\" height=\"500\" srcset=\"https:\/\/stadtwolmirstedt.de\/wp-content\/uploads\/2017\/02\/cropped-Rathaus-WMS-1-e1638735159536.jpg 828w, https:\/\/stadtwolmirstedt.de\/wp-content\/uploads\/2017\/02\/cropped-Rathaus-WMS-1-e1638735159536-300x181.jpg 300w, https:\/\/stadtwolmirstedt.de\/wp-content\/uploads\/2017\/02\/cropped-Rathaus-WMS-1-e1638735159536-768x464.jpg 768w\" sizes=\"(max-width: 828px) 100vw, 828px\" \/><\/strong><\/p><p><strong>Address:<\/strong><br>August-Bebel-Stra\u00dfe 25<br>39326 Wolmirstedt<\/p><p><strong>P.O. Box:<\/strong><br>P.O. Box 1155<br>39321 Wolmirstedt<\/p><p><strong>Further information:<\/strong><br>Phone: 039201 64-6<br>Fax: 039201 64-800<br>E-mail: info@stadtwolmirstedt.de<br>Web address: www.stadtwolmirstedt.de<\/p><p><strong>Parking spaces:<\/strong><br>Samsweger Stra\u00dfe parking lot (parking disc 2 h)<br>Number: 50<br>Fees: no<\/p><p>Samsweger Stra\u00dfe parking lot (without parking disc)<br>Number: 25<br>Fees: no<\/p><p>Samsweger Stra\u00dfe parking lot<br>Disabled parking spaces<br>Number: 2 motorcycles, 2 cars<br>Fees: no<\/p><p>Behind the town hall<br>Number: 2<br>Fees: no<\/p><p>Additional parking spaces are located in Bahnhofstra\u00dfe.<\/p><p><strong>Public transport<\/strong><br>Stop: Wolmirstedt train station<br>S-Bahn: Sch\u00f6nebeck-Bad Salzelmen via Magdeburg to Zielitz, Sch\u00f6nebeck-Bad Salzelmen via Magdeburg to Wittenberge<br>Regional train: Magdeburg-Stendal to Uelzen<br>Bus: 601, 605, 608, 610<\/p>\t\t\t\t\t\t\t\t<\/div>\n\t\t\t\t<\/div>\n\t\t\t\t\t<\/div>\n\t\t<\/div>\n\t\t\t\t<div class=\"elementor-column elementor-col-50 elementor-top-column elementor-element elementor-element-734a23a\" data-id=\"734a23a\" data-element_type=\"column\" data-e-type=\"column\">\n\t\t\t<div class=\"elementor-widget-wrap elementor-element-populated\">\n\t\t\t\t\t\t<div class=\"elementor-element elementor-element-01a5ae9 elementor-widget elementor-widget-text-editor\" data-id=\"01a5ae9\" data-element_type=\"widget\" data-e-type=\"widget\" data-widget_type=\"text-editor.default\">\n\t\t\t\t<div class=\"elementor-widget-container\">\n\t\t\t\t\t\t\t\t\t<p><strong>Office hours of the administration<\/strong><\/p><p>Tuesday: 09:00-11:30<br>and 13:30-17:30<br>Thursday: 13:30-15:30<br>Friday: 09:00-11:30<br>and by appointment!<\/p><p> <\/p><p><strong> <\/strong><\/p><p><strong>Attention:<\/strong><\/p><p><strong>The residents&#8217; registration office is only open during office hours and by appointment!<\/strong><\/p>\t\t\t\t\t\t\t\t<\/div>\n\t\t\t\t<\/div>\n\t\t\t\t\t<\/div>\n\t\t<\/div>\n\t\t\t\t\t<\/div>\n\t\t<\/section>\n\t\t\t\t<\/div>\n\t\t","protected":false},"excerpt":{"rendered":"<p>Address:August-Bebel-Stra\u00dfe 2539326 Wolmirstedt P.O. Box:P.O. Box 115539321 Wolmirstedt Further information:Phone: 039201 64-6Fax: 039201 64-800E-mail: info@stadtwolmirstedt.deWeb address: www.stadtwolmirstedt.de Parking spaces:Samsweger Stra\u00dfe parking lot (parking disc 2 h)Number: 50Fees: no Samsweger Stra\u00dfe parking lot (without parking disc)Number: 25Fees: no Samsweger Stra\u00dfe parking lotDisabled parking spacesNumber: 2 motorcycles, 2 carsFees: no Behind the town hallNumber: 2Fees: no Additional&hellip;&nbsp;<a href=\"https:\/\/stadtwolmirstedt.de\/en\/address-directions-and-parking\/\" rel=\"bookmark\">Read More &raquo;<span class=\"screen-reader-text\">Address, directions and parking<\/span><\/a><\/p>\n","protected":false},"author":1,"featured_media":14909,"parent":0,"menu_order":0,"comment_status":"closed","ping_status":"closed","template":"elementor_theme","meta":{"neve_meta_sidebar":"","neve_meta_container":"","neve_meta_enable_content_width":"","neve_meta_content_width":0,"neve_meta_title_alignment":"","neve_meta_author_avatar":"","neve_post_elements_order":"","neve_meta_disable_header":"","neve_meta_disable_footer":"","neve_meta_disable_title":"","neve_meta_reading_time":"","footnotes":""},"class_list":["post-15797","page","type-page","status-publish","has-post-thumbnail","hentry"],"_links":{"self":[{"href":"https:\/\/stadtwolmirstedt.de\/en\/wp-json\/wp\/v2\/pages\/15797","targetHints":{"allow":["GET"]}}],"collection":[{"href":"https:\/\/stadtwolmirstedt.de\/en\/wp-json\/wp\/v2\/pages"}],"about":[{"href":"https:\/\/stadtwolmirstedt.de\/en\/wp-json\/wp\/v2\/types\/page"}],"author":[{"embeddable":true,"href":"https:\/\/stadtwolmirstedt.de\/en\/wp-json\/wp\/v2\/users\/1"}],"replies":[{"embeddable":true,"href":"https:\/\/stadtwolmirstedt.de\/en\/wp-json\/wp\/v2\/comments?post=15797"}],"version-history":[{"count":6,"href":"https:\/\/stadtwolmirstedt.de\/en\/wp-json\/wp\/v2\/pages\/15797\/revisions"}],"predecessor-version":[{"id":29458,"href":"https:\/\/stadtwolmirstedt.de\/en\/wp-json\/wp\/v2\/pages\/15797\/revisions\/29458"}],"wp:featuredmedia":[{"embeddable":true,"href":"https:\/\/stadtwolmirstedt.de\/en\/wp-json\/wp\/v2\/media\/14909"}],"wp:attachment":[{"href":"https:\/\/stadtwolmirstedt.de\/en\/wp-json\/wp\/v2\/media?parent=15797"}],"curies":[{"name":"wp","href":"https:\/\/api.w.org\/{rel}","templated":true}]}}