{"id":16051,"date":"2017-02-16T12:37:53","date_gmt":"2017-02-16T12:37:53","guid":{"rendered":"https:\/\/stadtwolmirstedt.de\/recreational-facilities\/"},"modified":"2025-07-23T09:45:06","modified_gmt":"2025-07-23T09:45:06","slug":"recreational-facilities","status":"publish","type":"page","link":"https:\/\/stadtwolmirstedt.de\/en\/recreational-facilities\/","title":{"rendered":"Recreational facilities"},"content":{"rendered":"\t\t<div data-elementor-type=\"wp-page\" data-elementor-id=\"16051\" class=\"elementor elementor-16051 elementor-1204\" data-elementor-post-type=\"page\">\n\t\t\t\t\t\t<section class=\"elementor-section elementor-top-section elementor-element elementor-element-0d84422 elementor-section-boxed elementor-section-height-default elementor-section-height-default\" data-id=\"0d84422\" data-element_type=\"section\" data-e-type=\"section\">\n\t\t\t\t\t\t<div class=\"elementor-container elementor-column-gap-default\">\n\t\t\t\t\t<div class=\"elementor-column elementor-col-100 elementor-top-column elementor-element elementor-element-e5b474c\" data-id=\"e5b474c\" data-element_type=\"column\" data-e-type=\"column\">\n\t\t\t<div class=\"elementor-widget-wrap elementor-element-populated\">\n\t\t\t\t\t\t<div class=\"elementor-element elementor-element-f93fa61 elementor-widget elementor-widget-spacer\" data-id=\"f93fa61\" data-element_type=\"widget\" data-e-type=\"widget\" data-widget_type=\"spacer.default\">\n\t\t\t\t<div class=\"elementor-widget-container\">\n\t\t\t\t\t\t\t<div class=\"elementor-spacer\">\n\t\t\t<div class=\"elementor-spacer-inner\"><\/div>\n\t\t<\/div>\n\t\t\t\t\t\t<\/div>\n\t\t\t\t<\/div>\n\t\t\t\t\t<\/div>\n\t\t<\/div>\n\t\t\t\t\t<\/div>\n\t\t<\/section>\n\t\t\t\t<section class=\"elementor-section elementor-top-section elementor-element elementor-element-54867310 elementor-section-boxed elementor-section-height-default elementor-section-height-default\" data-id=\"54867310\" data-element_type=\"section\" data-e-type=\"section\">\n\t\t\t\t\t\t<div class=\"elementor-container elementor-column-gap-default\">\n\t\t\t\t\t<div class=\"elementor-column elementor-col-100 elementor-top-column elementor-element elementor-element-434072d8\" data-id=\"434072d8\" data-element_type=\"column\" data-e-type=\"column\">\n\t\t\t<div class=\"elementor-widget-wrap elementor-element-populated\">\n\t\t\t\t\t\t<div class=\"elementor-element elementor-element-4889d992 elementor-widget elementor-widget-text-editor\" data-id=\"4889d992\" data-element_type=\"widget\" data-e-type=\"widget\" data-widget_type=\"text-editor.default\">\n\t\t\t\t<div class=\"elementor-widget-container\">\n\t\t\t\t\t\t\t\t\t<h3>Wolmirstedt City Library<\/h3>\n<p>Schlossdom\u00e4ne<br>39326 Wolmirstedt<br>Tel.: 039201 \/ 21335<br>Fax: 039201 \/ 909617<br>E-Mail:stadtbibliothek.wms@web.de<br>www.bibliothek-Wolmirstedt.de<\/p>\n<hr>\n<h3>B\u00fcrgerhaus Wolmirstedt<\/h3>\n<p>Cultural association Wolmirstedt B\u00fcrgerhaus e.V.<\/p>\n<p>Schlossdom\u00e4ne 2<br>39326 Wolmirstedt<br>Tel.: 039201\/25379<\/p>\n<p>Opening hours for visitors :<br>Tuesday: 09:00-13:00 \/ 18:00-20:00<br>Thursday: 09:00-13:00<\/p>\n<hr>\n<h3>Educational and recreational center<\/h3>\n<p>Triftstra\u00dfe 6<br>39326 Wolmirstedt<br>Tel.: 039201\/21260<\/p>\n<hr>\n<h3>Music school of the B\u00f6rde district<\/h3>\n<p>Schwimmbadstra\u00dfe 2 b<br>P.O. Box 1207<br>39326 Wolmirstedt<br>Tel.: 039201\/21716<br>E-mail: ohrekreis-musikschule@t-online.de<\/p>\n<hr>\n<h3>Open air stage Wolmirstedt<\/h3>\n<p>Contact person in the administration:<br>Ms. Wiedemann Tel. 039201 64 751<\/p>\n<hr>\n<h3>Museum Barn<\/h3>\n<p>Contact person in the administration:<br>Ms. Wiedemann Tel. 039201 64 751<\/p>\n<hr>\n<h3>Youth club e. V.<\/h3>\n<p>Burgstra\u00dfe 13<br>39326 Wolmirstedt<br>Tel.: 039201\/21406<\/p>\n<hr>\n<h3>Youth association &#8220;Domizil&#8221; e. V.<\/h3>\n<p>Naomi-Rubel-Haus<br>Fabrikstra\u00dfe 1<br>39326 Wolmirstedt<br>tel.: 039201\/29494<br>e-Mail: Nomi-Rubel-Haus@AWO-LSA.de<\/p>\n<hr>\n<h3>Youth club &#8220;Bulk<\/h3>\n<p>Dorfstra\u00dfe 33<br>39326 Mose<\/p>\n<hr>\n<h3>Soccer fields<\/h3>\n<div class=\"shortcode-unorderedlist arrow\">\n<ul>\n<li>Heinrich-Heine-Strasse area<\/li>\n<li>Julius-Bremer-Strasse area<\/li>\n<\/ul>\n<\/div>\n<hr>\n<h3>Boathouse<\/h3>\n<p>Wolmirstedter Kanu-Verein e.V.<br>Siedlung 36<br>Bootshaus am Kanal<br>39326 Wolmirstedt<br>Tel.: +49 (39201) 21666<br>E-Mail: info@wolmirstedter-kanu-verein.de<br>Web: <a href=\"http:\/\/www.kanuwolmirstedt.de\/\" target=\"_blank\" rel=\"noopener\"><span style=\"color: #2d57a1;\">www.kanuwolmirstedt.de<\/span><\/a><\/p>\n<hr>\n<h4>Outdoor pool<\/h4>\n<p>Schwimmbadstra\u00dfe 2<br>39326 Wolmirstedt<br>Tel.: (039201) 2 28 44<\/p>\n<h4>Opening hours:<\/h4>\n<p>Monday: closed<br>Tuesday: 13:00 &#8211; 19:00<br>Wednesday: 13:00 &#8211; 19:00<br>Thursday: 13:00 &#8211; 19:00<br>Friday: 13:00 &#8211; 19:00<br>Saturday \/ Sunday \/ public holiday: 10:00 &#8211; 19:00<\/p>\n<p>This also applies during the vacation season.<\/p>\n<p>The opening hours of the bath are changed at short notice in case of weather changes and lack of visitors!<br>These changes will be announced on an information board in the pool.<\/p>\n<h2>Admission prices<\/h2>\n<h3><strong>Children<\/strong><\/h3>\n<p>single: \u20ac 2.00<br>Evening rate (from 6 p.m.): \u20ac 0.50<br>Annual pass: \u20ac 50.00<br>School\/after-school care center per participant: \u20ac 1.00<br>Daycare center per participant: \u20ac 0.50<\/p>\n<h3><strong>Adults<\/strong><\/h3>\n<p>single: \u20ac 4.00<br>Evening rate (from 6 p.m.): \u20ac 2.00<br>Annual pass: \u20ac 80.00<\/p>\n<h3><strong>Reduced (pensioners, unemployed, welfare recipients, students, apprentices)<\/strong><\/h3>\n<p>single: \u20ac 3.00<br>Evening rate: (from 6 p.m.): \u20ac 2.00<br>Annual ticket: \u20ac 70.00<\/p>\n<h3><strong>Multiple cards:<\/strong><\/h3>\n<p>Children 10-ticket: \u20ac 12.50<br>Adults 10-ticket: \u20ac 30.00<br>Concessions: 10-ticket \u20ac 22.00<\/p>\n<hr>\n<h4>Stadiums and sports fields<\/h4>\n<p><strong> Sports field K\u00fcchenhorn<\/strong><\/p>\n<div class=\"shortcode-unorderedlist tick\">\n<ul>\n<li>400m running track<\/li>\n<li>Long jump facility<\/li>\n<li>Training grounds<\/li>\n<li>Thrower site<\/li>\n<\/ul>\n<\/div>\n<hr>\n<p><strong>Elbeu sports ground<\/strong><br>Ziegeleistra\u00dfe<\/p>\n<hr>\n<h4>Bowling alley in the kicker<\/h4>\n<p>Rog\u00e4tzer Stra\u00dfe 19<br>Tel.: (03 92 01) 2 15 97<\/p>\n<hr>\n<h4>Skating facility<\/h4>\n<p>The skating facility is located on the northern edge of Wolmirstedt, near the ESSO gas station.<\/p>\n<hr>\n<h4>Tennis court<\/h4>\n<p>Schwimmbadstra\u00dfe<br>39326 Wolmirstedt<\/p>\n<p>Tennis court<\/p>\n<hr>\n<h4>Gymnasiums<\/h4>\n<div class=\"shortcode-unorderedlist arrow\">\n<ul>\n<li> <strong> Halle der Freundschaft<\/strong><br>Phone: 039201\/21306<br>Triftstra\u00dfe<br>3 fields + spectator stands<\/li>\n<li><strong style=\"background-color: var(--nv-site-bg); color: var(--nv-text-color); font-family: var(--bodyfontfamily),var(--nv-fallback-ff); font-size: var(--bodyfontsize); letter-spacing: var(--bodyletterspacing); text-transform: var(--bodytexttransform);\">Meseberger Stra\u00dfe, <\/strong><strong style=\"color: var(--nv-text-color); font-family: var(--bodyfontfamily),var(--nv-fallback-ff); font-size: var(--bodyfontsize); letter-spacing: var(--bodyletterspacing); text-transform: var(--bodytexttransform); background-color: var(--nv-site-bg);\">Gipfelstra\u00dfe, <\/strong><strong style=\"color: var(--nv-text-color); font-family: var(--bodyfontfamily),var(--nv-fallback-ff); font-size: var(--bodyfontsize); letter-spacing: var(--bodyletterspacing); text-transform: var(--bodytexttransform); background-color: var(--nv-site-bg);\">Street of German Unity<\/strong><\/li>\n<li><strong>Elector Joachim-Friedrich High School<\/strong><\/li>\n<\/ul>\n<\/div>\n<hr>\n<h3>Youth club e. V.<\/h3>\n<p>Burgstra\u00dfe 13<br>39326 Wolmirstedt<br>Tel.: 039201\/21406<br>online: www.jugendclub-wms.de<\/p>\n<hr>\n<h3>Youth club &#8220;Bulk<\/h3>\n<p>Dorfstra\u00dfe 33<br>39326 Mose<\/p>\n<hr>\n<h4>Skating facility<\/h4>\n<p>The skating facility is located on the northern edge of Wolmirstedt, near the ESSO gas station.<\/p>\t\t\t\t\t\t\t\t<\/div>\n\t\t\t\t<\/div>\n\t\t\t\t\t<\/div>\n\t\t<\/div>\n\t\t\t\t\t<\/div>\n\t\t<\/section>\n\t\t\t\t<\/div>\n\t\t","protected":false},"excerpt":{"rendered":"<p>Wolmirstedt City Library Schlossdom\u00e4ne39326 WolmirstedtTel.: 039201 \/ 21335Fax: 039201 \/ 909617E-Mail:stadtbibliothek.wms@web.dewww.bibliothek-Wolmirstedt.de B\u00fcrgerhaus Wolmirstedt Cultural association Wolmirstedt B\u00fcrgerhaus e.V. Schlossdom\u00e4ne 239326 WolmirstedtTel.: 039201\/25379 Opening hours for visitors :Tuesday: 09:00-13:00 \/ 18:00-20:00Thursday: 09:00-13:00 Educational and recreational center Triftstra\u00dfe 639326 WolmirstedtTel.: 039201\/21260 Music school of the B\u00f6rde district Schwimmbadstra\u00dfe 2 bP.O. Box 120739326 WolmirstedtTel.: 039201\/21716E-mail: ohrekreis-musikschule@t-online.de Open air&hellip;&nbsp;<a href=\"https:\/\/stadtwolmirstedt.de\/en\/recreational-facilities\/\" rel=\"bookmark\">Read More &raquo;<span class=\"screen-reader-text\">Recreational facilities<\/span><\/a><\/p>\n","protected":false},"author":1,"featured_media":15289,"parent":0,"menu_order":0,"comment_status":"closed","ping_status":"closed","template":"","meta":{"neve_meta_sidebar":"","neve_meta_container":"","neve_meta_enable_content_width":"","neve_meta_content_width":0,"neve_meta_title_alignment":"","neve_meta_author_avatar":"","neve_post_elements_order":"","neve_meta_disable_header":"","neve_meta_disable_footer":"","neve_meta_disable_title":"","neve_meta_reading_time":"","footnotes":""},"class_list":["post-16051","page","type-page","status-publish","has-post-thumbnail","hentry"],"_links":{"self":[{"href":"https:\/\/stadtwolmirstedt.de\/en\/wp-json\/wp\/v2\/pages\/16051","targetHints":{"allow":["GET"]}}],"collection":[{"href":"https:\/\/stadtwolmirstedt.de\/en\/wp-json\/wp\/v2\/pages"}],"about":[{"href":"https:\/\/stadtwolmirstedt.de\/en\/wp-json\/wp\/v2\/types\/page"}],"author":[{"embeddable":true,"href":"https:\/\/stadtwolmirstedt.de\/en\/wp-json\/wp\/v2\/users\/1"}],"replies":[{"embeddable":true,"href":"https:\/\/stadtwolmirstedt.de\/en\/wp-json\/wp\/v2\/comments?post=16051"}],"version-history":[{"count":2,"href":"https:\/\/stadtwolmirstedt.de\/en\/wp-json\/wp\/v2\/pages\/16051\/revisions"}],"predecessor-version":[{"id":24748,"href":"https:\/\/stadtwolmirstedt.de\/en\/wp-json\/wp\/v2\/pages\/16051\/revisions\/24748"}],"wp:featuredmedia":[{"embeddable":true,"href":"https:\/\/stadtwolmirstedt.de\/en\/wp-json\/wp\/v2\/media\/15289"}],"wp:attachment":[{"href":"https:\/\/stadtwolmirstedt.de\/en\/wp-json\/wp\/v2\/media?parent=16051"}],"curies":[{"name":"wp","href":"https:\/\/api.w.org\/{rel}","templated":true}]}}