{"id":16060,"date":"2017-02-16T11:54:39","date_gmt":"2017-02-16T11:54:39","guid":{"rendered":"https:\/\/stadtwolmirstedt.de\/industrial-estate-north-ii\/"},"modified":"2025-08-15T08:37:02","modified_gmt":"2025-08-15T08:37:02","slug":"industrial-estate-north-ii","status":"publish","type":"page","link":"https:\/\/stadtwolmirstedt.de\/en\/industrial-estate-north-ii\/","title":{"rendered":"Industrial estate &#8220;North II"},"content":{"rendered":"\t\t<div data-elementor-type=\"wp-page\" data-elementor-id=\"16060\" class=\"elementor elementor-16060 elementor-1193\" data-elementor-post-type=\"page\">\n\t\t\t\t\t\t<section class=\"elementor-section elementor-top-section elementor-element elementor-element-629f99d elementor-section-boxed elementor-section-height-default elementor-section-height-default\" data-id=\"629f99d\" data-element_type=\"section\" data-e-type=\"section\">\n\t\t\t\t\t\t<div class=\"elementor-container elementor-column-gap-default\">\n\t\t\t\t\t<div class=\"elementor-column elementor-col-100 elementor-top-column elementor-element elementor-element-e2f6992\" data-id=\"e2f6992\" data-element_type=\"column\" data-e-type=\"column\">\n\t\t\t<div class=\"elementor-widget-wrap elementor-element-populated\">\n\t\t\t\t\t\t<div class=\"elementor-element elementor-element-5813c6f elementor-widget elementor-widget-image\" data-id=\"5813c6f\" data-element_type=\"widget\" data-e-type=\"widget\" data-widget_type=\"image.default\">\n\t\t\t\t<div class=\"elementor-widget-container\">\n\t\t\t\t\t\t\t\t\t\t\t\t<figure class=\"wp-caption\">\n\t\t\t\t\t\t\t\t\t\t<img fetchpriority=\"high\" decoding=\"async\" width=\"1020\" height=\"765\" src=\"https:\/\/stadtwolmirstedt.de\/wp-content\/uploads\/2017\/02\/Nord-ii.jpg\" class=\"attachment-large size-large wp-image-14359\" alt=\"Map: \u00a9 OpenStreetMap contributors\" srcset=\"https:\/\/stadtwolmirstedt.de\/wp-content\/uploads\/2017\/02\/Nord-ii.jpg 1020w, https:\/\/stadtwolmirstedt.de\/wp-content\/uploads\/2017\/02\/Nord-ii-300x225.jpg 300w, https:\/\/stadtwolmirstedt.de\/wp-content\/uploads\/2017\/02\/Nord-ii-768x576.jpg 768w\" sizes=\"(max-width: 1020px) 100vw, 1020px\" \/>\t\t\t\t\t\t\t\t\t\t\t<figcaption class=\"widget-image-caption wp-caption-text\">Map: \u00a9 OpenStreetMap contributors<\/figcaption>\n\t\t\t\t\t\t\t\t\t\t<\/figure>\n\t\t\t\t\t\t\t\t\t<\/div>\n\t\t\t\t<\/div>\n\t\t\t\t\t<\/div>\n\t\t<\/div>\n\t\t\t\t\t<\/div>\n\t\t<\/section>\n\t\t\t\t<section class=\"elementor-section elementor-top-section elementor-element elementor-element-ec9fcf6 elementor-section-boxed elementor-section-height-default elementor-section-height-default\" data-id=\"ec9fcf6\" data-element_type=\"section\" data-e-type=\"section\">\n\t\t\t\t\t\t<div class=\"elementor-container elementor-column-gap-default\">\n\t\t\t\t\t<div class=\"elementor-column elementor-col-100 elementor-top-column elementor-element elementor-element-4dbd1a0\" data-id=\"4dbd1a0\" data-element_type=\"column\" data-e-type=\"column\">\n\t\t\t<div class=\"elementor-widget-wrap elementor-element-populated\">\n\t\t\t\t\t\t\t<\/div>\n\t\t<\/div>\n\t\t\t\t\t<\/div>\n\t\t<\/section>\n\t\t\t\t<section class=\"elementor-section elementor-top-section elementor-element elementor-element-618d2dec elementor-section-boxed elementor-section-height-default elementor-section-height-default\" data-id=\"618d2dec\" data-element_type=\"section\" data-e-type=\"section\">\n\t\t\t\t\t\t<div class=\"elementor-container elementor-column-gap-default\">\n\t\t\t\t\t<div class=\"elementor-column elementor-col-100 elementor-top-column elementor-element elementor-element-1da92982\" data-id=\"1da92982\" data-element_type=\"column\" data-e-type=\"column\">\n\t\t\t<div class=\"elementor-widget-wrap elementor-element-populated\">\n\t\t\t\t\t\t<div class=\"elementor-element elementor-element-6a179b6a elementor-widget elementor-widget-text-editor\" data-id=\"6a179b6a\" data-element_type=\"widget\" data-e-type=\"widget\" data-widget_type=\"text-editor.default\">\n\t\t\t\t<div class=\"elementor-widget-container\">\n\t\t\t\t\t\t\t\t\t<h3>General \/ Location<\/h3><p><strong>Place:<\/strong> Wolmirstedt<br><strong>Designation according to BauNVO:<\/strong> Commercial development area<br><strong>Location in the municipality:<\/strong> northern peripheral location<\/p><hr><h3>Availability\/ prior use\/ planning status<\/h3><p><strong>Availability \/ contact person:<\/strong> Yes \/ City of Wolmirstedt<br><strong>Previous use:<\/strong> partially built on; agricultural land<br><strong>Development plan:<\/strong> B-Plan<br><strong>Land use plan:<\/strong> approved, announced<\/p><hr><h3>Contaminated sites, protected areas<\/h3><p><strong>Contaminated sites according to \u00a7 2 para. 5; 6 BodSchG:<\/strong>  not known<br><strong>Remarks on contaminated sites:<\/strong> &#8211;<br><strong>Protected areas in the vicinity:<\/strong> none<br><strong>Comments on the consideration of the protected area:<\/strong> none<br><strong>other factors limiting use:<\/strong> 110 kV power lines<br><strong>archaeological sites, if any<\/strong><\/p><hr><h3>Area data, building development<\/h3><p><strong>Total net area:<\/strong> 34.6 ha<br><strong>Available:<\/strong> 15 ha<br><strong>Utilization:<\/strong> approx. 57 %<br><strong>Type of building use:<\/strong> GE; GI(E)<br><strong>Vacant areas with size specifications:<\/strong> approx. 15.0 ha<\/p><hr><h3>Prices<\/h3><p><strong>Land prices:<\/strong> Prices by agreement<\/p><hr><h3>Infrastructural development in Rog\u00e4tzer Stra\u00dfe and Seegrabenstra\u00dfe<\/h3><p><strong>Water connection:<\/strong> available<br><strong>Waste water connection:<\/strong> available<br><strong>Gas connection:<\/strong> available<br><strong>Electrical connection:<\/strong> available<\/p><hr><h3>Transport and infrastructure<\/h3><p><strong>Autobahn connection:<br><\/strong>BAB 2: approx. 4 km (Magdeburg-Rothensee junction)<br>BAB 14 (future): 3 km<br><strong>Connection federal road:<\/strong> B189 directly<br><strong>Connection country road\/county road:<\/strong> K1171 direct<br><strong>Rail siding:<\/strong> possible<br><strong>Waterway connection:<\/strong> Magdeburg Rothensee approx. 9 km<br><strong>nearest airport:<br><em>Scheduled airport:<\/em><\/strong><br>Berlin\/Tegel 147 km<br>Berlin\/Sch\u00f6nefeld 161 km<br>Hanover 160 km<br>Leipzig 140 km<br><em><strong>Regional airport<\/strong><\/em><br>Magdeburg 14 km<br><strong>Connection of public transport:<\/strong> bus station, train station<br><strong>Distance to selected cities:<\/strong><br>Magdeburg 12 km<br>Braunschweig 87 km<br>Hanover 145 km<br>Leipzig 145 km<br>Berlin 160 km<\/p><hr><h3>Tax rates <strong>(new)<\/strong><\/h3><p>Trade tax: 343%<br>Property tax A: 350%<br><strong>Property tax B: 420%<\/strong><\/p><hr><h3>Location<\/h3><p><strong>Location in the state of Saxony-Anhalt:<\/strong> north of the state capital Magdeburg<br><strong>Location in the district:<\/strong> east of the district town of Haldensleben<\/p><hr><h3>Other\/ Expansion areas<\/h3><p><strong>Industries\/companies already established:<br><\/strong>Trade, logistics, small businesses,<br>manufacturing industry<\/p><hr><h3>Contact<\/h3><p>City of Wolmirstedt<br>Economic Development<br>August-Bebel-Stra\u00dfe 25<br>39326 Wolmirstedt<\/p><p>E-mail: <u>wirtschaftsfoerderung@stadtwolmirstedt.de<br><\/u>Phone: +49 39201 64-781<br>Fax: +49 39201 64-795<\/p>\t\t\t\t\t\t\t\t<\/div>\n\t\t\t\t<\/div>\n\t\t\t\t\t<\/div>\n\t\t<\/div>\n\t\t\t\t\t<\/div>\n\t\t<\/section>\n\t\t\t\t<\/div>\n\t\t","protected":false},"excerpt":{"rendered":"<p>Karte: \u00a9 OpenStreetMap-Mitwirkende General \/ Location Place: WolmirstedtDesignation according to BauNVO: Commercial development areaLocation in the municipality: northern peripheral location Availability\/ prior use\/ planning status Availability \/ contact person: Yes \/ City of WolmirstedtPrevious use: partially built on; agricultural landDevelopment plan: B-PlanLand use plan: approved, announced Contaminated sites, protected areas Contaminated sites according to \u00a7&hellip;&nbsp;<a href=\"https:\/\/stadtwolmirstedt.de\/en\/industrial-estate-north-ii\/\" rel=\"bookmark\">Read More &raquo;<span class=\"screen-reader-text\">Industrial estate &#8220;North II<\/span><\/a><\/p>\n","protected":false},"author":1,"featured_media":0,"parent":0,"menu_order":0,"comment_status":"closed","ping_status":"closed","template":"","meta":{"neve_meta_sidebar":"","neve_meta_container":"","neve_meta_enable_content_width":"","neve_meta_content_width":0,"neve_meta_title_alignment":"","neve_meta_author_avatar":"","neve_post_elements_order":"","neve_meta_disable_header":"","neve_meta_disable_footer":"","neve_meta_disable_title":"","neve_meta_reading_time":"","footnotes":""},"class_list":["post-16060","page","type-page","status-publish","hentry"],"_links":{"self":[{"href":"https:\/\/stadtwolmirstedt.de\/en\/wp-json\/wp\/v2\/pages\/16060","targetHints":{"allow":["GET"]}}],"collection":[{"href":"https:\/\/stadtwolmirstedt.de\/en\/wp-json\/wp\/v2\/pages"}],"about":[{"href":"https:\/\/stadtwolmirstedt.de\/en\/wp-json\/wp\/v2\/types\/page"}],"author":[{"embeddable":true,"href":"https:\/\/stadtwolmirstedt.de\/en\/wp-json\/wp\/v2\/users\/1"}],"replies":[{"embeddable":true,"href":"https:\/\/stadtwolmirstedt.de\/en\/wp-json\/wp\/v2\/comments?post=16060"}],"version-history":[{"count":3,"href":"https:\/\/stadtwolmirstedt.de\/en\/wp-json\/wp\/v2\/pages\/16060\/revisions"}],"predecessor-version":[{"id":26099,"href":"https:\/\/stadtwolmirstedt.de\/en\/wp-json\/wp\/v2\/pages\/16060\/revisions\/26099"}],"wp:attachment":[{"href":"https:\/\/stadtwolmirstedt.de\/en\/wp-json\/wp\/v2\/media?parent=16060"}],"curies":[{"name":"wp","href":"https:\/\/api.w.org\/{rel}","templated":true}]}}