{"id":26332,"date":"2025-07-16T11:33:35","date_gmt":"2025-07-16T11:33:35","guid":{"rendered":"https:\/\/stadtwolmirstedt.de\/energy-and-climate\/climate\/"},"modified":"2025-09-18T10:25:27","modified_gmt":"2025-09-18T10:25:27","slug":"climate","status":"publish","type":"page","link":"https:\/\/stadtwolmirstedt.de\/en\/energy-and-climate\/climate\/","title":{"rendered":"Climate"},"content":{"rendered":"\t\t<div data-elementor-type=\"wp-page\" data-elementor-id=\"26332\" class=\"elementor elementor-26332 elementor-24958\" data-elementor-post-type=\"page\">\n\t\t\t\t\t\t<section class=\"elementor-section elementor-top-section elementor-element elementor-element-3a071058 elementor-section-content-middle elementor-section-full_width elementor-section-height-default elementor-section-height-default\" data-id=\"3a071058\" data-element_type=\"section\" data-e-type=\"section\" data-settings=\"{&quot;background_background&quot;:&quot;classic&quot;}\">\n\t\t\t\t\t\t<div class=\"elementor-container elementor-column-gap-default\">\n\t\t\t\t\t<div class=\"elementor-column elementor-col-100 elementor-top-column elementor-element elementor-element-1f4c8893\" data-id=\"1f4c8893\" data-element_type=\"column\" data-e-type=\"column\">\n\t\t\t<div class=\"elementor-widget-wrap elementor-element-populated\">\n\t\t\t\t\t\t<div class=\"elementor-element elementor-element-76f0898a elementor-widget elementor-widget-text-editor\" data-id=\"76f0898a\" data-element_type=\"widget\" data-e-type=\"widget\" data-widget_type=\"text-editor.default\">\n\t\t\t\t<div class=\"elementor-widget-container\">\n\t\t\t\t\t\t\t\t\t<h1 style=\"text-align: center;\">Wolmirstedt in a changing climate<\/h1><h2 style=\"text-align: center;\">Acting together, shaping the future<\/h2>\t\t\t\t\t\t\t\t<\/div>\n\t\t\t\t<\/div>\n\t\t\t\t\t<\/div>\n\t\t<\/div>\n\t\t\t\t\t<\/div>\n\t\t<\/section>\n\t\t\t\t<section class=\"elementor-section elementor-top-section elementor-element elementor-element-a2f9428 elementor-section-boxed elementor-section-height-default elementor-section-height-default\" data-id=\"a2f9428\" data-element_type=\"section\" data-e-type=\"section\">\n\t\t\t\t\t\t<div class=\"elementor-container elementor-column-gap-default\">\n\t\t\t\t\t<div class=\"elementor-column elementor-col-100 elementor-top-column elementor-element elementor-element-4dc1a65\" data-id=\"4dc1a65\" data-element_type=\"column\" data-e-type=\"column\">\n\t\t\t<div class=\"elementor-widget-wrap elementor-element-populated\">\n\t\t\t\t\t\t<div class=\"elementor-element elementor-element-eb119b5 elementor-widget elementor-widget-spacer\" data-id=\"eb119b5\" data-element_type=\"widget\" data-e-type=\"widget\" data-widget_type=\"spacer.default\">\n\t\t\t\t<div class=\"elementor-widget-container\">\n\t\t\t\t\t\t\t<div class=\"elementor-spacer\">\n\t\t\t<div class=\"elementor-spacer-inner\"><\/div>\n\t\t<\/div>\n\t\t\t\t\t\t<\/div>\n\t\t\t\t<\/div>\n\t\t\t\t\t<\/div>\n\t\t<\/div>\n\t\t\t\t\t<\/div>\n\t\t<\/section>\n\t\t\t\t<section class=\"elementor-section elementor-top-section elementor-element elementor-element-cdf2452 elementor-section-boxed elementor-section-height-default elementor-section-height-default\" data-id=\"cdf2452\" data-element_type=\"section\" data-e-type=\"section\">\n\t\t\t\t\t\t<div class=\"elementor-container elementor-column-gap-default\">\n\t\t\t\t\t<div class=\"elementor-column elementor-col-100 elementor-top-column elementor-element elementor-element-23a256f\" data-id=\"23a256f\" data-element_type=\"column\" data-e-type=\"column\">\n\t\t\t<div class=\"elementor-widget-wrap elementor-element-populated\">\n\t\t\t\t\t\t<div class=\"elementor-element elementor-element-7baf576 elementor-align-center elementor-widget elementor-widget-embedpress_pdf\" data-id=\"7baf576\" data-element_type=\"widget\" data-e-type=\"widget\" data-widget_type=\"embedpress_pdf.default\">\n\t\t\t\t<div class=\"elementor-widget-container\">\n\t\t\t\t\t    <div class=\"embedpress-document-embed ep-doc-099475bc29175ebb139403cdaeadbf5f ose-document emebedpress-unit-percent \" data-thememode=\"default\" data-customcolor=\"\" data-toolbar=\"yes\" data-toolbar-position=\"top\" data-open=\"no\" data-presentation-mode=\"yes\" data-download=\"yes\" data-copy=\"yes\" data-add-image=\"yes\" data-rotate=\"yes\" data-details=\"yes\" data-id=\"embedpress-pdf-7baf576\" data-selection-tool=\"0\" data-scrolling=\"0\" data-spreads=\"-1\" style=\" max-width:100%; display: inline-block\">\n\n        \n                <div >\n\n                    <div id=\"ep-elementor-content-7baf576\" class=\"ep-elementor-content   ep-percentage-width   ep-content-protection-disabled\">\n                        <div id=\"7baf576\" class=\"ep-embed-content-wraper\">\n                            <div><iframe title=\"Klimasteckbrief_WMS\" class=\"embedpress-embed-document-pdf embedpress-pdf-7baf576\" style=\"width: 100%!important;height: 683px;; max-width:100%; display: inline-block\" src=\"https:\/\/stadtwolmirstedt.de\/wp-admin\/admin-ajax.php?action=get_flipbook_viewer&#038;file=https%3A%2F%2Fstadtwolmirstedt.de%2Fwp-content%2Fuploads%2F2025%2F07%2FKlimasteckbrief_WMS-1.pdf&#038;key=dGhlbWVNb2RlPWRlZmF1bHQmdG9vbGJhcj10cnVlJnBvc2l0aW9uPXRvcCZwcmVzZW50YXRpb249dHJ1ZSZsYXp5TG9hZD1mYWxzZSZkb3dubG9hZD10cnVlJmNvcHlfdGV4dD10cnVlJmFkZF90ZXh0PXRydWUmZHJhdz10cnVlJmFkZF9pbWFnZT10cnVlJnBkZl9yb3RhdGlvbj10cnVlJnBkZl9kZXRhaWxzPXRydWUmem9vbV9pbj10cnVlJnpvb21fb3V0PXRydWUmZml0X3ZpZXc9dHJ1ZSZib29rbWFyaz10cnVlJnNvdW5kPXRydWUmZmxpcGJvb2tfdG9vbGJhcl9wb3NpdGlvbj1ib3R0b20mc2VsZWN0aW9uX3Rvb2w9MCZzY3JvbGxpbmc9MCZzcHJlYWRzPS0xJmlzX3Byb19hY3RpdmU9MA==\" class=\"embedpress-embed-document-pdf embedpress-pdf-7baf576\" data-emid=\"embedpress-pdf-7baf576\" data-embed-type=\"PDF\" frameborder=\"0\"><\/iframe><\/div>                        <\/div>\n\n                    <\/div>\n\n\n                   \n                <\/div>\n            \n    <\/div>\n\n\t\t\t\t<\/div>\n\t\t\t\t<\/div>\n\t\t\t\t\t<\/div>\n\t\t<\/div>\n\t\t\t\t\t<\/div>\n\t\t<\/section>\n\t\t\t\t<section class=\"elementor-section elementor-top-section elementor-element elementor-element-46ae871 elementor-section-boxed elementor-section-height-default elementor-section-height-default\" data-id=\"46ae871\" data-element_type=\"section\" data-e-type=\"section\">\n\t\t\t\t\t\t<div class=\"elementor-container elementor-column-gap-default\">\n\t\t\t\t\t<div class=\"elementor-column elementor-col-100 elementor-top-column elementor-element elementor-element-225f789\" data-id=\"225f789\" data-element_type=\"column\" data-e-type=\"column\">\n\t\t\t<div class=\"elementor-widget-wrap elementor-element-populated\">\n\t\t\t\t\t\t<div class=\"elementor-element elementor-element-8645990 elementor-widget elementor-widget-button\" data-id=\"8645990\" data-element_type=\"widget\" data-e-type=\"widget\" data-widget_type=\"button.default\">\n\t\t\t\t<div class=\"elementor-widget-container\">\n\t\t\t\t\t\t\t\t\t<div class=\"elementor-button-wrapper\">\n\t\t\t\t\t<a class=\"elementor-button elementor-button-link elementor-size-sm\" href=\"https:\/\/stadtwolmirstedt.de\/wp-content\/uploads\/2025\/07\/Klimasteckbrief_WMS-1.pdf\">\n\t\t\t\t\t\t<span class=\"elementor-button-content-wrapper\">\n\t\t\t\t\t\t<span class=\"elementor-button-icon\">\n\t\t\t\t<i aria-hidden=\"true\" class=\"far fa-file-pdf\"><\/i>\t\t\t<\/span>\n\t\t\t\t\t\t\t\t\t<span class=\"elementor-button-text\">Climate profile (8 MB)<\/span>\n\t\t\t\t\t<\/span>\n\t\t\t\t\t<\/a>\n\t\t\t\t<\/div>\n\t\t\t\t\t\t\t\t<\/div>\n\t\t\t\t<\/div>\n\t\t\t\t\t<\/div>\n\t\t<\/div>\n\t\t\t\t\t<\/div>\n\t\t<\/section>\n\t\t\t\t<section class=\"elementor-section elementor-top-section elementor-element elementor-element-2f36688 elementor-section-boxed elementor-section-height-default elementor-section-height-default\" data-id=\"2f36688\" data-element_type=\"section\" data-e-type=\"section\">\n\t\t\t\t\t\t<div class=\"elementor-container elementor-column-gap-default\">\n\t\t\t\t\t<div class=\"elementor-column elementor-col-100 elementor-top-column elementor-element elementor-element-a63b5f8\" data-id=\"a63b5f8\" data-element_type=\"column\" data-e-type=\"column\">\n\t\t\t<div class=\"elementor-widget-wrap elementor-element-populated\">\n\t\t\t\t\t\t<div class=\"elementor-element elementor-element-f2ec115 elementor-widget-divider--view-line elementor-widget elementor-widget-divider\" data-id=\"f2ec115\" data-element_type=\"widget\" data-e-type=\"widget\" data-widget_type=\"divider.default\">\n\t\t\t\t<div class=\"elementor-widget-container\">\n\t\t\t\t\t\t\t<div class=\"elementor-divider\">\n\t\t\t<span class=\"elementor-divider-separator\">\n\t\t\t\t\t\t<\/span>\n\t\t<\/div>\n\t\t\t\t\t\t<\/div>\n\t\t\t\t<\/div>\n\t\t\t\t\t<\/div>\n\t\t<\/div>\n\t\t\t\t\t<\/div>\n\t\t<\/section>\n\t\t\t\t<section class=\"elementor-section elementor-top-section elementor-element elementor-element-33e0cf7 elementor-section-boxed elementor-section-height-default elementor-section-height-default\" data-id=\"33e0cf7\" data-element_type=\"section\" data-e-type=\"section\">\n\t\t\t\t\t\t<div class=\"elementor-container elementor-column-gap-default\">\n\t\t\t\t\t<div class=\"elementor-column elementor-col-100 elementor-top-column elementor-element elementor-element-25dfe67\" data-id=\"25dfe67\" data-element_type=\"column\" data-e-type=\"column\">\n\t\t\t<div class=\"elementor-widget-wrap elementor-element-populated\">\n\t\t\t\t\t\t<div class=\"elementor-element elementor-element-7286e57 elementor-widget elementor-widget-smart_post_show_pro_shortcode\" data-id=\"7286e57\" data-element_type=\"widget\" data-e-type=\"widget\" data-widget_type=\"smart_post_show_pro_shortcode.default\">\n\t\t\t\t<div class=\"elementor-widget-container\">\n\t\t\t\t\t<style id=\"sp_pcp_dynamic_style26544\">#poststuff #sp_pcp_display .sp-pcp-section .pcp-section-title, #pcp_wrapper-26544 .pcp-section-title{color: #444;margin: 0 0 30px 0}#pcp_wrapper-26544:not(.sps-glossary-layout) .sp-pcp-row,#pcp_wrapper-26544 .sps-glossary-items-group .sps-glossary-items-content {margin-right: -10px;margin-left: -10px;}#pcp_wrapper-26544 .sp-pcp-row [class*='sp-pcp-col-']{padding-right: 10px;padding-left: 10px; padding-bottom:20px;}.pcp-wrapper-26544 .sp-pcp-title a {color: #000000;display: inherit;} .pcp-wrapper-26544 .sp-pcp-title a:hover {color: #000000;}.pcp-wrapper-26544 .sp-pcp-post-content{color: #000000; }#pcp_wrapper-26544 .sp-pcp-post {padding: 0 0 0 0;}#pcp_wrapper-26544.sp-slider_layout .sp-pcp-post .sp-pcp-post-details {top: 0; right:0; bottom:0; left:0;}#pcp_wrapper-26544 .sp-pcp-post {border: 8px solid #f2f2f2; border-radius: 0px }#pcp_wrapper-26544 .sp-pcp-post{background-color: #f2f2f2;}#pcp_wrapper-26544 .pcp-post-thumb-wrapper{border: 0px solid #dddddd;border-radius:0px;}.pcp-wrapper-26544 .sp-pcp-post-meta li,.pcp-wrapper-26544 .sp-pcp-post-meta ul,.pcp-wrapper-26544 .sp-pcp-post-meta li a{color: #888;}.pcp-wrapper-26544 .sp-pcp-post-meta li a:hover{color: #e1624b;}#pcp_wrapper-26544 .pcp-readmore-link{ background: #2b7abf; color: #ffffff; border: 1px solid #888; border-radius: 0px; } #pcp_wrapper-26544 .pcp-readmore-link:hover { background-color: #0066bf; color: #fff; border-color: #0066bf; }#pcp_wrapper-26544 .pcp-post-pagination .page-numbers.current, #pcp_wrapper-26544 .pcp-post-pagination a.active , #pcp_wrapper-26544 .pcp-post-pagination a:hover{ color: #ffffff; background: #e1624b; border-color: #e1624b; }#pcp_wrapper-26544 .pcp-post-pagination .page-numbers, .pcp-post-pagination a{ background: #ffffff; color:#5e5e5e; border: 2px solid #bbbbbb;border-radius: 2px; }#pcp_wrapper-26544 .pcp-post-pagination{text-align: left;}@media (min-width: 1200px) {.sp-pcp-row .sp-pcp-col-xl-1 {flex: 0 0 100%;}.sp-pcp-row .sp-pcp-col-xl-2 {flex: 1 1 calc( 50% - 20px);}.sp-pcp-row .sp-pcp-col-xl-3 {flex: 1 1 calc( 33.333% - 20px);}.sp-pcp-row .sp-pcp-col-xl-4 {flex: 1 1 calc( 25% - 20px);}.sp-pcp-row .sp-pcp-col-xl-5 { flex: 1 1 calc( 20% - 20px);}.sp-pcp-row .sp-pcp-col-xl-6 {flex: 1 1 calc( 16.66666666666667% - 20px);}.sp-pcp-row .sp-pcp-col-xl-7 {flex: 1 1 calc( 14.28571428% - 20px);}.sp-pcp-row .sp-pcp-col-xl-8 {flex: 1 1 calc( 12.5% - 20px);}}@media (max-width: 1200px) {.sp-pcp-row .sp-pcp-col-lg-1 {flex: 0 0 100%;}.sp-pcp-row .sp-pcp-col-lg-2 {flex: 1 1 calc( 50% - 20px);}.sp-pcp-row .sp-pcp-col-lg-3 {flex: 1 1 calc( 33.333% - 20px);}.sp-pcp-row .sp-pcp-col-lg-4 {flex: 1 1 calc( 25% - 20px);}.sp-pcp-row .sp-pcp-col-lg-5 { flex: 1 1 calc( 20% - 20px);}.sp-pcp-row .sp-pcp-col-lg-6 {flex: 1 1 calc( 16.66666666666667% - 20px);}.sp-pcp-row .sp-pcp-col-lg-7 {flex: 1 1 calc( 14.28571428% - 20px);}.sp-pcp-row .sp-pcp-col-lg-8 {flex: 1 1 calc( 12.5% - 20px);}}@media (max-width: 992px) {.sp-pcp-row .sp-pcp-col-md-1 {flex: 0 0 100%;}.sp-pcp-row .sp-pcp-col-md-2 {flex: 1 1 calc( 50% - 20px);}.sp-pcp-row .sp-pcp-col-md-2-5 {flex: 0 0 75%;}.sp-pcp-row .sp-pcp-col-md-3 {flex: 1 1 calc( 33.333% - 20px);}.sp-pcp-row .sp-pcp-col-md-4 {flex: 1 1 calc( 25% - 20px);}.sp-pcp-row .sp-pcp-col-md-5 { flex: 1 1 calc( 20% - 20px);}.sp-pcp-row .sp-pcp-col-md-6 {flex: 1 1 calc( 16.66666666666667% - 20px);}.sp-pcp-row .sp-pcp-col-md-7 {flex: 1 1 calc( 14.28571428% - 20px);}.sp-pcp-row .sp-pcp-col-md-8 {flex: 1 1 calc( 12.5% - 20px);}}@media (max-width: 768px) {.sp-pcp-row .sp-pcp-col-sm-1 {flex: 0 0 100%;}.sp-pcp-row .sp-pcp-col-sm-2 {flex: 1 1 calc( 50% - 20px);}.sp-pcp-row .sp-pcp-col-sm-2-5 {flex: 0 0 75%;}.sp-pcp-row .sp-pcp-col-sm-3 {flex: 1 1 calc( 33.333% - 20px);}.sp-pcp-row .sp-pcp-col-sm-4 {flex: 1 1 calc( 25% - 20px);}.sp-pcp-row .sp-pcp-col-sm-5 { flex: 1 1 calc( 20% - 20px);}.sp-pcp-row .sp-pcp-col-sm-6 {flex: 1 1 calc( 16.66666666666667% - 20px);}.sp-pcp-row .sp-pcp-col-sm-7 {flex: 1 1 calc( 14.28571428% - 20px);}.sp-pcp-row .sp-pcp-col-sm-8 {flex: 1 1 calc( 12.5% - 20px);}}@media (max-width: 420px) {.sp-pcp-row .sp-pcp-col-xs-1 {flex: 0 0 100%;}.sp-pcp-row .sp-pcp-col-xs-2 {flex: 1 1 calc( 50% - 20px);}.sp-pcp-row .sp-pcp-col-xs-3 {flex: 1 1 calc( 33.333% - 20px);}.sp-pcp-row .sp-pcp-col-xs-4 {flex: 1 1 calc( 25% - 20px);}.sp-pcp-row .sp-pcp-col-xs-5 { flex: 1 1 calc( 20% - 20px);}.sp-pcp-row .sp-pcp-col-xs-6 {flex: 1 1 calc( 16.66666666666667% - 20px);}.sp-pcp-row .sp-pcp-col-xs-7 {flex: 1 1 calc( 14.28571428% - 20px);}.sp-pcp-row .sp-pcp-col-xs-8 {flex: 1 1 calc( 12.5% - 20px);}}<\/style>\n<div id=\"pcp_wrapper-26544\" class=\"sp-pcp-section sp-pcp-container pcp-wrapper-26544 sps-list-layout\">\n<h2 class=\"pcp-section-title\">Aktionen und Informationen zum Thema Klima in Wolmirstedt<\/h2><div class=\"sp-pcp-row\">\n\t\t\t\t<div class=\"sp-pcp-col-xs-1\">\n\t\t\t<div class=\"sp-pcp-post left-thumb pcp-item-29522\" data-id=\"29522\">\n\t\t\t\t\t\t\t\t<div class=\"pcp-post-thumb-wrapper\">\n\t\t\t\t\t<div class=\"sp-pcp-post-thumb-area\">\n\t\t\t\t\t\t\t\t\t\t\t\t<a class=\"sp-pcp-thumb\" href=\"https:\/\/stadtwolmirstedt.de\/en\/advice-on-intermunicipal-energy-management\/\" target=\"_self\" >\n\t\t\t\t\t\t\t\t\t\t\t\t\t<img fetchpriority=\"high\" decoding=\"async\" src=\"https:\/\/stadtwolmirstedt.de\/wp-content\/uploads\/2026\/03\/Die-Netzwerkpartner-beim-Treffen-des-Interkommunalen-Energiemanagements-in-Wolmirstedt-1024x886.jpg\" width=\"1024\" height=\"886\" alt=\"The network partners at the intermunicipal energy management meeting in Wolmirstedt\">\n\t\t\t\t\t\t<\/a>\n\t\t\t\t\t<\/div>\n\t\t\t\t<\/div>\n\t\t\t\t\t\t\t\t<div class=\"sp-pcp-post-details\">\n\t\t\t\t\t<div class=\"sp-pcp-post-details-content\">\n\t\t\t\t\t\t\t\t<h1 class=\"sp-pcp-title\">\n\t\t\t\t\t\t\t\t\t<a href=\"https:\/\/stadtwolmirstedt.de\/en\/advice-on-intermunicipal-energy-management\/\"  target=\"_self\">Advice on intermunicipal energy management<\/a>\t\t\t\t\t\t\t<\/h1>\n\t\t\t\t\t\t<div class=\"sp-pcp-post-content\">\n\t\t\t<p>Municipalities discuss progress in municipal heat planning at Wolmirstedt town hall<\/p>\n\t\t<div class=\"sp-pcp-readmore\">\n\t\t\t\t\t\t\t<a class=\"pcp-readmore-link\" target=\"_self\" href=\"https:\/\/stadtwolmirstedt.de\/en\/advice-on-intermunicipal-energy-management\/\" >\n\t\t\t\t\t\tZum Artikel <\/a>\n\t\t<\/div>\n\t\t\t\t\t<\/div>\n\t\t\t\t\t\t\t\t<\/div>\n\t\t\t\t<\/div>\n\t\t\t<\/div>\n\t\t<\/div>\n\t\t\t\t<div class=\"sp-pcp-col-xs-1\">\n\t\t\t<div class=\"sp-pcp-post left-thumb pcp-item-27716\" data-id=\"27716\">\n\t\t\t\t\t\t\t\t<div class=\"pcp-post-thumb-wrapper\">\n\t\t\t\t\t<div class=\"sp-pcp-post-thumb-area\">\n\t\t\t\t\t\t\t\t\t\t\t\t<a class=\"sp-pcp-thumb\" href=\"https:\/\/stadtwolmirstedt.de\/en\/meeting-on-municipal-heat-planning\/\" target=\"_self\" >\n\t\t\t\t\t\t\t\t\t\t\t\t\t<img decoding=\"async\" src=\"https:\/\/stadtwolmirstedt.de\/wp-content\/uploads\/2025\/10\/Die-Avacon-stellte-konkrete-Zahlen-bezueglich-des-Energiebedarfs-fuer-Wolmirstedt-vor-1024x768.jpg\" width=\"1024\" height=\"768\" alt=\"Avacon presented concrete figures regarding the energy requirements for Wolmirstedt.\">\n\t\t\t\t\t\t<\/a>\n\t\t\t\t\t<\/div>\n\t\t\t\t<\/div>\n\t\t\t\t\t\t\t\t<div class=\"sp-pcp-post-details\">\n\t\t\t\t\t<div class=\"sp-pcp-post-details-content\">\n\t\t\t\t\t\t\t\t<h1 class=\"sp-pcp-title\">\n\t\t\t\t\t\t\t\t\t<a href=\"https:\/\/stadtwolmirstedt.de\/en\/meeting-on-municipal-heat-planning\/\"  target=\"_self\">Meeting on municipal heat planning<\/a>\t\t\t\t\t\t\t<\/h1>\n\t\t\t\t\t\t<div class=\"sp-pcp-post-content\">\n\t\t\t<p>Now it's all about concrete implementation<\/p>\n\t\t<div class=\"sp-pcp-readmore\">\n\t\t\t\t\t\t\t<a class=\"pcp-readmore-link\" target=\"_self\" href=\"https:\/\/stadtwolmirstedt.de\/en\/meeting-on-municipal-heat-planning\/\" >\n\t\t\t\t\t\tZum Artikel <\/a>\n\t\t<\/div>\n\t\t\t\t\t<\/div>\n\t\t\t\t\t\t\t\t<\/div>\n\t\t\t\t<\/div>\n\t\t\t<\/div>\n\t\t<\/div>\n\t\t\t\t<div class=\"sp-pcp-col-xs-1\">\n\t\t\t<div class=\"sp-pcp-post left-thumb pcp-item-27586\" data-id=\"27586\">\n\t\t\t\t\t\t\t\t<div class=\"pcp-post-thumb-wrapper\">\n\t\t\t\t\t<div class=\"sp-pcp-post-thumb-area\">\n\t\t\t\t\t\t\t\t\t\t\t\t<a class=\"sp-pcp-thumb\" href=\"https:\/\/stadtwolmirstedt.de\/en\/city-cycling-campaign\/\" target=\"_self\" >\n\t\t\t\t\t\t\t\t\t\t\t\t\t<img decoding=\"async\" src=\"https:\/\/stadtwolmirstedt.de\/wp-content\/uploads\/2025\/10\/Das-Stadtradeln-fand-in-Wolmirstedt-zum-ersten-Mal-statt-1024x768.jpg\" width=\"1024\" height=\"768\" alt=\"The city cycling event took place in Wolmirstedt for the first time.\">\n\t\t\t\t\t\t<\/a>\n\t\t\t\t\t<\/div>\n\t\t\t\t<\/div>\n\t\t\t\t\t\t\t\t<div class=\"sp-pcp-post-details\">\n\t\t\t\t\t<div class=\"sp-pcp-post-details-content\">\n\t\t\t\t\t\t\t\t<h1 class=\"sp-pcp-title\">\n\t\t\t\t\t\t\t\t\t<a href=\"https:\/\/stadtwolmirstedt.de\/en\/city-cycling-campaign\/\"  target=\"_self\">City cycling&#8221; campaign<\/a>\t\t\t\t\t\t\t<\/h1>\n\t\t\t\t\t\t<div class=\"sp-pcp-post-content\">\n\t\t\t<p>City of Wolmirstedt takes positive stock of the first \"City Cycling\" event<\/p>\n\t\t<div class=\"sp-pcp-readmore\">\n\t\t\t\t\t\t\t<a class=\"pcp-readmore-link\" target=\"_self\" href=\"https:\/\/stadtwolmirstedt.de\/en\/city-cycling-campaign\/\" >\n\t\t\t\t\t\tZum Artikel <\/a>\n\t\t<\/div>\n\t\t\t\t\t<\/div>\n\t\t\t\t\t\t\t\t<\/div>\n\t\t\t\t<\/div>\n\t\t\t<\/div>\n\t\t<\/div>\n\t\t\t\t<div class=\"sp-pcp-col-xs-1\">\n\t\t\t<div class=\"sp-pcp-post left-thumb pcp-item-24949\" data-id=\"24949\">\n\t\t\t\t\t\t\t\t<div class=\"pcp-post-thumb-wrapper\">\n\t\t\t\t\t<div class=\"sp-pcp-post-thumb-area\">\n\t\t\t\t\t\t\t\t\t\t\t\t<a class=\"sp-pcp-thumb\" href=\"https:\/\/stadtwolmirstedt.de\/en\/city-cycling-2025-wolmirstedt-is-also-taking-part\/\" target=\"_self\" >\n\t\t\t\t\t\t\t\t\t\t\t\t\t<img loading=\"lazy\" decoding=\"async\" src=\"https:\/\/stadtwolmirstedt.de\/wp-content\/uploads\/2025\/07\/STADTRADELN_cKlima-Buendnis-Services_-32-1024x682.jpg\" width=\"1024\" height=\"682\" alt=\"Man with child _ CITY CYCLING, Photo: Climate Alliance Services\">\n\t\t\t\t\t\t<\/a>\n\t\t\t\t\t<\/div>\n\t\t\t\t<\/div>\n\t\t\t\t\t\t\t\t<div class=\"sp-pcp-post-details\">\n\t\t\t\t\t<div class=\"sp-pcp-post-details-content\">\n\t\t\t\t\t\t\t\t<h1 class=\"sp-pcp-title\">\n\t\t\t\t\t\t\t\t\t<a href=\"https:\/\/stadtwolmirstedt.de\/en\/city-cycling-2025-wolmirstedt-is-also-taking-part\/\"  target=\"_self\">City cycling 2025: Wolmirstedt is also taking part!<\/a>\t\t\t\t\t\t\t<\/h1>\n\t\t\t\t\t\t<div class=\"sp-pcp-post-content\">\n\t\t\t<p>From August 25, 2025 to September 14, 2025, citizens are called upon to cycle as many kilometers as possible.<\/p>\n\t\t<div class=\"sp-pcp-readmore\">\n\t\t\t\t\t\t\t<a class=\"pcp-readmore-link\" target=\"_self\" href=\"https:\/\/stadtwolmirstedt.de\/en\/city-cycling-2025-wolmirstedt-is-also-taking-part\/\" >\n\t\t\t\t\t\tZum Artikel <\/a>\n\t\t<\/div>\n\t\t\t\t\t<\/div>\n\t\t\t\t\t\t\t\t<\/div>\n\t\t\t\t<\/div>\n\t\t\t<\/div>\n\t\t<\/div>\n\t\t\t<\/div>\n\t\t<span class=\"sp-pcp-pagination-data\" style=\"display:none;\"><\/span>\n\n\t\t<nav class=\"pcp-post-pagination pcp-on-desktop\">\n\t\t\t\t\t<\/nav>\n\t\t\t\t\t<nav class=\"pcp-post-pagination pcp-on-mobile\">\n\t\t\t\t\t<\/nav>\n\t\t\t\t<\/div>\n\t\t\t\t<\/div>\n\t\t\t\t<\/div>\n\t\t\t\t\t<\/div>\n\t\t<\/div>\n\t\t\t\t\t<\/div>\n\t\t<\/section>\n\t\t\t\t<section class=\"elementor-section elementor-top-section elementor-element elementor-element-cd543ac elementor-section-boxed elementor-section-height-default elementor-section-height-default\" data-id=\"cd543ac\" data-element_type=\"section\" data-e-type=\"section\">\n\t\t\t\t\t\t<div class=\"elementor-container elementor-column-gap-default\">\n\t\t\t\t\t<div class=\"elementor-column elementor-col-100 elementor-top-column elementor-element elementor-element-c367b8e\" data-id=\"c367b8e\" data-element_type=\"column\" data-e-type=\"column\">\n\t\t\t<div class=\"elementor-widget-wrap elementor-element-populated\">\n\t\t\t\t\t\t<div class=\"elementor-element elementor-element-cca529a elementor-widget elementor-widget-spacer\" data-id=\"cca529a\" data-element_type=\"widget\" data-e-type=\"widget\" data-widget_type=\"spacer.default\">\n\t\t\t\t<div class=\"elementor-widget-container\">\n\t\t\t\t\t\t\t<div class=\"elementor-spacer\">\n\t\t\t<div class=\"elementor-spacer-inner\"><\/div>\n\t\t<\/div>\n\t\t\t\t\t\t<\/div>\n\t\t\t\t<\/div>\n\t\t\t\t\t<\/div>\n\t\t<\/div>\n\t\t\t\t\t<\/div>\n\t\t<\/section>\n\t\t\t\t<\/div>\n\t\t","protected":false},"excerpt":{"rendered":"<p>Wolmirstedt in a changing climate Acting together, shaping the future Climate profile (8 MB) Aktionen und Informationen zum Thema Klima in Wolmirstedt Stadtradeln 2025: Wolmirstedt ist auch dabei! Vom 25. August 2025 bis 14. September 2025 sind B\u00fcrgerinnen und B\u00fcrger aufgerufen, m\u00f6glichst viele Kilometer zu radeln. Zum Artikel<\/p>\n","protected":false},"author":1,"featured_media":0,"parent":26302,"menu_order":0,"comment_status":"closed","ping_status":"closed","template":"","meta":{"neve_meta_sidebar":"","neve_meta_container":"","neve_meta_enable_content_width":"","neve_meta_content_width":0,"neve_meta_title_alignment":"","neve_meta_author_avatar":"","neve_post_elements_order":"","neve_meta_disable_header":"","neve_meta_disable_footer":"","neve_meta_disable_title":"","neve_meta_reading_time":"","footnotes":""},"class_list":["post-26332","page","type-page","status-publish","hentry"],"_links":{"self":[{"href":"https:\/\/stadtwolmirstedt.de\/en\/wp-json\/wp\/v2\/pages\/26332","targetHints":{"allow":["GET"]}}],"collection":[{"href":"https:\/\/stadtwolmirstedt.de\/en\/wp-json\/wp\/v2\/pages"}],"about":[{"href":"https:\/\/stadtwolmirstedt.de\/en\/wp-json\/wp\/v2\/types\/page"}],"author":[{"embeddable":true,"href":"https:\/\/stadtwolmirstedt.de\/en\/wp-json\/wp\/v2\/users\/1"}],"replies":[{"embeddable":true,"href":"https:\/\/stadtwolmirstedt.de\/en\/wp-json\/wp\/v2\/comments?post=26332"}],"version-history":[{"count":16,"href":"https:\/\/stadtwolmirstedt.de\/en\/wp-json\/wp\/v2\/pages\/26332\/revisions"}],"predecessor-version":[{"id":27037,"href":"https:\/\/stadtwolmirstedt.de\/en\/wp-json\/wp\/v2\/pages\/26332\/revisions\/27037"}],"up":[{"embeddable":true,"href":"https:\/\/stadtwolmirstedt.de\/en\/wp-json\/wp\/v2\/pages\/26302"}],"wp:attachment":[{"href":"https:\/\/stadtwolmirstedt.de\/en\/wp-json\/wp\/v2\/media?parent=26332"}],"curies":[{"name":"wp","href":"https:\/\/api.w.org\/{rel}","templated":true}]}}